{"id":4231,"date":"2025-05-05T08:58:12","date_gmt":"2025-05-05T08:58:12","guid":{"rendered":"https:\/\/westperia.com\/?page_id=4231"},"modified":"2025-10-20T13:59:10","modified_gmt":"2025-10-20T13:59:10","slug":"datenschutzerklarung","status":"publish","type":"page","link":"https:\/\/westperia.com\/de\/datenschutzerklarung\/","title":{"rendered":"Datenschutzerkl\u00e4rung"},"content":{"rendered":"<div data-elementor-type=\"wp-page\" data-elementor-id=\"4231\" class=\"elementor elementor-4231\">\n\t\t\t\t<div class=\"elementor-element elementor-element-52ee1ee e-con-full e-flex sc_layouts_column_icons_position_left e-con e-parent\" data-id=\"52ee1ee\" data-element_type=\"container\">\n\t\t\t\t<div class=\"elementor-element elementor-element-8c80019 sc_fly_static elementor-widget elementor-widget-text-editor\" data-id=\"8c80019\" data-element_type=\"widget\" data-widget_type=\"text-editor.default\">\n\t\t\t\t<div class=\"elementor-widget-container\">\n\t\t\t\t\t\t\t\t\t<h4>1. Allgemeine und Technische Informationen<\/h4><p><br \/>Durch die Nutzung unserer Website erkl\u00e4ren Sie sich mit der Erhebung, Verarbeitung<br \/>und Nutzung von Daten gem\u00e4\u00df der nachfolgenden Beschreibung einverstanden.<br \/>Unsere Website kann grunds\u00e4tzlich ohne Registrierung besucht werden. Dabei<br \/>werden Daten wie beispielsweise aufgerufene Seiten bzw. Namen der abgerufenen<br \/>Datei, Datum und Uhrzeit zu statistischen Zwecken auf dem Server gespeichert, ohne<br \/>dass diese Daten unmittelbar auf Ihre Person bezogen werden. Personenbezogene<br \/>Daten, insbesondere Name, Adresse oder E-Mail-Adresse werden soweit m\u00f6glich auf<br \/>freiwilliger Basis erhoben. Ohne Ihre Einwilligung erfolgt keine Weitergabe der Daten<br \/>an Dritte.<br \/>Der Verantwortliche im Sinne der Datenschutz-Grundverordnung und anderer<br \/>nationaler Datenschutzgesetze der Mitgliedsstaaten sowie sonstiger<br \/>datenschutzrechtlicher Bestimmungen ist die:<\/p><p>WestPeria GmbH<\/p><p>Donaustra\u00dfe 29<\/p><p>Tel.: +49 8331 785290<\/p><p>E-Mail: info@westperia.com<\/p><p>Website: www.westperia.com<\/p><h4><strong>2. Rechtsgrundlage f\u00fcr die Verarbeitung\u00a0<\/strong>personenbezogener Daten<\/h4><p>Soweit wir f\u00fcr Verarbeitungsvorg\u00e4nge personenbezogener Daten eine Einwilligung<br \/>der betroffenen Person einholen, dient Art.\u00a06 Abs.\u00a01 lit.\u00a0a EU-<br \/>Datenschutzgrundverordnung (DSGVO) als Rechtsgrundlage.<br \/>Bei der Verarbeitung von personenbezogenen Daten, die zur Erf\u00fcllung eines<br \/>Vertrages, dessen Vertragspartei die betroffene Person ist, erforderlich ist, dient<br \/>Art.\u00a06 Abs.\u00a01 lit.\u00a0b DSGVO als Rechtsgrundlage. Dies gilt auch f\u00fcr<br \/>Verarbeitungsvorg\u00e4nge, die zur Durchf\u00fchrung vorvertraglicher Ma\u00dfnahmen<br \/>erforderlich sind.<br \/>Soweit eine Verarbeitung personenbezogener Daten zur Erf\u00fcllung einer rechtlichen<br \/>Verpflichtung erforderlich ist, der unser Unternehmen unterliegt, dient Art.\u00a06 Abs.\u00a01<br \/>lit.\u00a0c DSGVO als Rechtsgrundlage.<br \/>F\u00fcr den Fall, dass lebenswichtige Interessen der betroffenen Person oder einer<br \/>anderen nat\u00fcrlichen Person eine Verarbeitung personenbezogener Daten erforderlich<br \/>machen, dient Art.\u00a06 Abs.\u00a01 lit.\u00a0d DSGVO als Rechtsgrundlage.<br \/>Ist die Verarbeitung zur Wahrung eines berechtigten Interesses unseres<br \/>Unternehmens oder eines Dritten erforderlich und \u00fcberwiegen die Interessen,<br \/>Grundrechte und Grundfreiheiten des Betroffenen das erstgenannte Interesse nicht,<br \/>so dient Art.\u00a06 Abs.\u00a01 lit.\u00a0f DSGVO als Rechtsgrundlage f\u00fcr die Verarbeitung.<\/p><h4>3. Datenl\u00f6schung und Speicherdauer<\/h4><p><br \/>Die personenbezogenen Daten der betroffenen Person werden gel\u00f6scht oder<br \/>gesperrt, sobald der Zweck der Speicherung entf\u00e4llt. Eine Speicherung kann dar\u00fcber<br \/>hinaus erfolgen, wenn dies durch den europ\u00e4ischen oder nationalen Gesetzgeber in<\/p><p>unionsrechtlichen Verordnungen, Gesetzen oder sonstigen Vorschriften, denen der<br \/>Verantwortliche unterliegt, vorgesehen wurde. Eine Sperrung oder L\u00f6schung der<br \/>Daten erfolgt auch dann, wenn eine durch die genannten Normen vorgeschriebene<br \/>Speicherfrist abl\u00e4uft, es sei denn, dass eine Erforderlichkeit zur weiteren Speicherung<br \/>der Daten f\u00fcr einen Vertragsabschluss oder eine Vertragserf\u00fcllung besteht.<\/p><h4>4. Beschreibung und Umfang der Datenverarbeitung beim Besuch unserer<br \/>Website<\/h4><p><br \/>Bei jedem Aufruf unserer Internetseite erfasst unser System automatisiert Daten<br \/>allgemeiner Natur und Informationen vom Computersystem des aufrufenden<br \/>Rechners. Diese Informationen beinhalten z. B. die Art des Browsers, das<br \/>Betriebssystem, den Domainnamen Ihres Internet-Service-Providers, also solche<br \/>Informationen, die ausschlie\u00dflich Daten enthalten, welche keine R\u00fcckschl\u00fcsse auf<br \/>personenbezogene Daten zulassen.<br \/>Personenbezogene Daten werden nur aus berechtigtem Interesse erhoben.<br \/>Empf\u00e4nger der Daten sind ggf. auch Auftragsverarbeiter.<br \/>Diese Daten werden mittels den \u201eEssenziellen\u201c Cookies gesammelt. Die<br \/>Datenerhebung ist technisch zwingend notwendig, um folgendes zu gew\u00e4hrleisten:<br \/>\u2013 Stabile Nutzung und Verbindungsaufbau zu unserer Website<br \/>\u2013 Abwehr von Angriffen (Server Logfiles)<br \/>\u2013 Administrative Zwecke (ggf. anonyme Auswertung zur Optimierung der Website)<br \/>Die vor\u00fcbergehende Speicherung der IP-Adresse durch das System ist notwendig,<br \/>um eine \u00dcbertragung der Website an den Rechner des Nutzers zu erm\u00f6glichen.<br \/>Hierf\u00fcr muss die IP-Adresse des Nutzers f\u00fcr die Dauer der Sitzung gespeichert<br \/>bleiben.<br \/>Die Daten werden gel\u00f6scht, sobald sie f\u00fcr die Erreichung des Zweckes ihrer<br \/>Erhebung nicht mehr erforderlich sind. Im Falle der Erfassung der Daten zur<br \/>Bereitstellung der Website ist dies der Fall, wenn die jeweilige Sitzung beendet ist.<br \/>Im Falle der Speicherung der Daten in Logfiles ist dies nach sp\u00e4testens sieben Tagen<br \/>der Fall. Eine dar\u00fcberhinausgehende Speicherung ist m\u00f6glich. In diesem Fall werden<br \/>die IP-Adressen der Nutzer aber gel\u00f6scht oder verfremdet, sodass eine Zuordnung<br \/>des aufrufenden Clients nicht mehr m\u00f6glich ist.<br \/>Die Erfassung der Daten zur Bereitstellung der Website und die Speicherung der<br \/>Daten in Logfiles ist f\u00fcr den Betrieb der Internetseite zwingend erforderlich. Es<br \/>besteht folglich seitens des Nutzers keine Widerspruchsm\u00f6glichkeit.<br \/>Rechtsgrundlage f\u00fcr die vor\u00fcbergehende Speicherung der Daten und der Logfiles ist<br \/>Art. 6 Abs. 1 lit. f DSGVO.<\/p><h4>5. SSL Verschl\u00fcsselung<\/h4><p><br \/>Diese Seite nutzt aus Gr\u00fcnden der Sicherheit und zum Schutz der \u00dcbertragung<br \/>vertraulicher Inhalte, wie zum Beispiel der Anfragen, die Sie an uns als<br \/>Seitenbetreiber senden, eine SSL-Verschl\u00fcsselung. Eine verschl\u00fcsselte Verbindung<br \/>erkennen Sie daran, dass die Adresszeile des Browsers von \u201ehttp:\/\/\u201c auf \u201ehttps:\/\/\u201c<br \/>wechselt und an dem Schloss-Symbol in Ihrer Browserzeile.<\/p><p>Wenn die SSL Verschl\u00fcsselung aktiviert ist, k\u00f6nnen die Daten, die Sie an uns<br \/>\u00fcbermitteln, nicht von Dritten mitgelesen werden.<\/p><h4>6. Kontaktformular und E-Mail-Kontakt<\/h4><p>Auf unserer Internetseite ist ein Kontaktformular vorhanden, welches f\u00fcr die<br \/>elektronische Kontaktaufnahme genutzt werden kann. Nimmt ein Nutzer diese<br \/>M\u00f6glichkeit wahr, so werden die in der Eingabemaske eingegeben Daten an uns<br \/>\u00fcbermittelt und gespeichert.<br \/>Alternativ ist eine Kontaktaufnahme \u00fcber die bereitgestellte E-Mail-Adresse m\u00f6glich.<br \/>In diesem Fall werden die mit der E-Mail \u00fcbermittelten personenbezogenen Daten<br \/>des Nutzers gespeichert.<br \/>Es erfolgt in diesem Zusammenhang keine Weitergabe der Daten an Dritte. Die<br \/>Daten werden ausschlie\u00dflich f\u00fcr die Verarbeitung der Konversation verwendet.<br \/>Rechtsgrundlage f\u00fcr die Verarbeitung der Daten ist bei Vorliegen einer Einwilligung<br \/>des Nutzers Art. 6 Abs. 1 lit. a DSGVO.<br \/>Rechtsgrundlage f\u00fcr die Verarbeitung der Daten, die im Zuge einer \u00dcbersendung<br \/>einer E-Mail \u00fcbermittelt werden, ist Art. 6 Abs. 1 lit. f DSGVO. Zielt der E-Mail-Kontakt<br \/>auf den Abschluss eines Vertrages ab, so ist zus\u00e4tzliche Rechtsgrundlage f\u00fcr die<br \/>Verarbeitung Art. 6 Abs. 1 lit. b DSGVO.<br \/>Die Verarbeitung der personenbezogenen Daten aus der Eingabemaske dient uns<br \/>allein zur Bearbeitung der Kontaktaufnahme. Im Falle einer Kontaktaufnahme per E-<br \/>Mail liegt hieran auch das erforderliche berechtigte Interesse an der Verarbeitung der<br \/>Daten.<br \/>Die sonstigen w\u00e4hrend des Absendevorgangs verarbeiteten personenbezogenen<br \/>Daten dienen dazu, einen Missbrauch des Kontaktformulars zu verhindern und die<br \/>Sicherheit unserer informationstechnischen Systeme sicherzustellen.<br \/>Die Daten werden gel\u00f6scht, sobald sie f\u00fcr die Erreichung des Zweckes ihrer<br \/>Erhebung nicht mehr erforderlich sind. F\u00fcr die personenbezogenen Daten aus der<br \/>Eingabemaske des Kontaktformulars und diejenigen, die per E-Mail \u00fcbersandt<br \/>wurden, ist dies dann der Fall, wenn die jeweilige Konversation mit dem Nutzer<br \/>beendet ist. Beendet ist die Konversation dann, wenn sich aus den Umst\u00e4nden<br \/>entnehmen l\u00e4sst, dass der betroffene Sachverhalt abschlie\u00dfend gekl\u00e4rt ist.<br \/>Die w\u00e4hrend des Absendevorgangs zus\u00e4tzlich erhobenen personenbezogenen Daten<br \/>werden sp\u00e4testens nach einer Frist von sieben Tagen gel\u00f6scht.<br \/>Der Nutzer hat jederzeit die M\u00f6glichkeit, seine Einwilligung zur Verarbeitung der<br \/>personenbezogenen Daten zu widerrufen. Nimmt der Nutzer per E-Mail Kontakt mit<br \/>uns auf, so kann er der Speicherung seiner personenbezogenen Daten jederzeit<br \/>widersprechen. In einem solchen Fall kann die Konversation nicht fortgef\u00fchrt werden.<br \/>Den Widerruf der Einwilligung und den Widerspruch der Speicherung k\u00f6nnen Sie<br \/>jederzeit \u00fcber die folgende Emailadresse an uns \u00fcbermitteln:<br \/>info@westperia.com<\/p><p>Alle personenbezogenen Daten, die im Zuge der Kontaktaufnahme gespeichert<br \/>wurden, werden in diesem Fall gel\u00f6scht.<\/p><h4>7. Betroffenenrechte<\/h4><p><br \/><strong>1. Auskunftsrecht<\/strong><\/p><p><br \/>Sie k\u00f6nnen von dem Verantwortlichen eine Best\u00e4tigung dar\u00fcber verlangen, ob<br \/>personenbezogene Daten, die Sie betreffen, von uns verarbeitet werden.<br \/>Liegt eine solche Verarbeitung vor, k\u00f6nnen Sie von dem Verantwortlichen \u00fcber<br \/>folgende Informationen Auskunft verlangen:<br \/>(1) die Zwecke, zu denen die personenbezogenen Daten verarbeitet werden;<br \/>(2) die Kategorien von personenbezogenen Daten, welche verarbeitet werden;<br \/>(3) die Empf\u00e4nger bzw. die Kategorien von Empf\u00e4ngern, gegen\u00fcber denen die<br \/>Sie betreffenden personenbezogenen Daten offengelegt wurden oder noch<br \/>offengelegt werden;<br \/>(4) die geplante Dauer der Speicherung der Sie betreffenden personenbezogenen<br \/>Daten oder, falls konkrete Angaben hierzu nicht m\u00f6glich sind, Kriterien f\u00fcr die<br \/>Festlegung der Speicherdauer;<br \/>(5) das Bestehen eines Rechts auf Berichtigung oder L\u00f6schung der Sie<br \/>betreffenden personenbezogenen Daten, eines Rechts auf Einschr\u00e4nkung der<br \/>Verarbeitung durch den Verantwortlichen oder eines Widerspruchsrechts<br \/>gegen diese Verarbeitung;<br \/>(6) das Bestehen eines Beschwerderechts bei einer Aufsichtsbeh\u00f6rde;<br \/>(7) alle verf\u00fcgbaren Informationen \u00fcber die Herkunft der Daten, wenn die<br \/>personenbezogenen Daten nicht bei der betroffenen Person erhoben werden;<br \/>(8) das Bestehen einer automatisierten Entscheidungsfindung einschlie\u00dflich<br \/>Profiling gem\u00e4\u00df Art. 22 Abs. 1 und 4 DSGVO und \u2013 zumindest in diesen<br \/>F\u00e4llen \u2013 aussagekr\u00e4ftige Informationen \u00fcber die involvierte Logik sowie die<br \/>Tragweite und die angestrebten Auswirkungen einer derartigen Verarbeitung<br \/>f\u00fcr die betroffene Person.<br \/>Ihnen steht das Recht zu, Auskunft dar\u00fcber zu verlangen, ob die Sie betreffenden<br \/>personenbezogenen Daten in ein Drittland oder an eine internationale Organisation<br \/>\u00fcbermittelt werden. In diesem Zusammenhang k\u00f6nnen Sie verlangen, \u00fcber die<br \/>geeigneten Garantien gem. Art. 46 DSGVO im Zusammenhang mit der \u00dcbermittlung<br \/>unterrichtet zu werden.<\/p><p><strong>2. Recht auf Berichtigung<\/strong><\/p><p>Sie haben ein Recht auf Berichtigung und\/oder Vervollst\u00e4ndigung gegen\u00fcber dem<br \/>Verantwortlichen, sofern die verarbeiteten personenbezogenen Daten, die Sie<br \/>betreffen, unrichtig oder unvollst\u00e4ndig sind. Der Verantwortliche hat die Berichtigung<br \/>unverz\u00fcglich vorzunehmen.<\/p><p><strong>3. Recht auf Einschr\u00e4nkung der Verarbeitung<\/strong><\/p><p>Unter den folgenden Voraussetzungen k\u00f6nnen Sie die Einschr\u00e4nkung der<br \/>Verarbeitung der Sie betreffenden personenbezogenen Daten verlangen:<br \/>(1) wenn Sie die Richtigkeit der Sie betreffenden personenbezogenen f\u00fcr eine<br \/>Dauer bestreiten, die es dem Verantwortlichen erm\u00f6glicht, die Richtigkeit der<br \/>personenbezogenen Daten zu \u00fcberpr\u00fcfen;<\/p><p>(2) die Verarbeitung unrechtm\u00e4\u00dfig ist und Sie die L\u00f6schung der<br \/>personenbezogenen Daten ablehnen und stattdessen die Einschr\u00e4nkung der<br \/>Nutzung der personenbezogenen Daten verlangen;<br \/>(3) der Verantwortliche die personenbezogenen Daten f\u00fcr die Zwecke der<br \/>Verarbeitung nicht l\u00e4nger ben\u00f6tigt, Sie diese jedoch zur Geltendmachung,<br \/>Aus\u00fcbung oder Verteidigung von Rechtsanspr\u00fcchen ben\u00f6tigen, oder<br \/>(4) wenn Sie Widerspruch gegen die Verarbeitung gem\u00e4\u00df Art.\u00a021 Abs.\u00a01 DSGVO<br \/>eingelegt haben und noch nicht feststeht, ob die berechtigten Gr\u00fcnde des<br \/>Verantwortlichen gegen\u00fcber Ihren Gr\u00fcnden \u00fcberwiegen.<br \/>Wurde die Verarbeitung der Sie betreffenden personenbezogenen Daten<br \/>eingeschr\u00e4nkt, d\u00fcrfen diese Daten \u2013 von ihrer Speicherung abgesehen \u2013 nur mit Ihrer<br \/>Einwilligung oder zur Geltendmachung, Aus\u00fcbung oder Verteidigung von<br \/>Rechtsanspr\u00fcchen oder zum Schutz der Rechte einer anderen nat\u00fcrlichen oder<br \/>juristischen Person oder aus Gr\u00fcnden eines wichtigen \u00f6ffentlichen Interesses der<br \/>Union oder eines Mitgliedstaats verarbeitet werden.<br \/>Wurde die Einschr\u00e4nkung der Verarbeitung nach den o.g. Voraussetzungen<br \/>eingeschr\u00e4nkt, werden Sie von dem Verantwortlichen unterrichtet bevor die<br \/>Einschr\u00e4nkung aufgehoben wird.<\/p><p><strong>4. Recht auf L\u00f6schung<\/strong><\/p><p>a) L\u00f6schungspflicht<br \/>Sie k\u00f6nnen von dem Verantwortlichen verlangen, dass die Sie betreffenden<br \/>personenbezogenen Daten unverz\u00fcglich gel\u00f6scht werden, und der Verantwortliche ist<br \/>verpflichtet, diese Daten unverz\u00fcglich zu l\u00f6schen, sofern einer der folgenden Gr\u00fcnde<br \/>zutrifft:<br \/>(1) Die Sie betreffenden personenbezogenen Daten sind f\u00fcr die Zwecke, f\u00fcr die<br \/>sie erhoben oder auf sonstige Weise verarbeitet wurden, nicht mehr<br \/>notwendig.<br \/>(2) Sie widerrufen Ihre Einwilligung, auf die sich die Verarbeitung gem. Art. 6 Abs.<br \/>1 lit. a oder Art. 9 Abs. 2 lit. a DSGVO st\u00fctzte, und es fehlt an einer<br \/>anderweitigen Rechtsgrundlage f\u00fcr die Verarbeitung.<br \/>(3) Sie legen gem. Art. 21 Abs. 1 DSGVO Widerspruch gegen die Verarbeitung<br \/>ein und es liegen keine vorrangigen berechtigten Gr\u00fcnde f\u00fcr die Verarbeitung<br \/>vor, oder Sie legen gem. Art. 21 Abs. 2 DSGVO Widerspruch gegen die<br \/>Verarbeitung ein.<br \/>(4) Die Sie betreffenden personenbezogenen Daten wurden unrechtm\u00e4\u00dfig<br \/>verarbeitet.<br \/>(5) Die L\u00f6schung der Sie betreffenden personenbezogenen Daten ist zur<br \/>Erf\u00fcllung einer rechtlichen Verpflichtung nach dem Unionsrecht oder dem<br \/>Recht der Mitgliedstaaten erforderlich, dem der Verantwortliche unterliegt.<br \/>(6) Die Sie betreffenden personenbezogenen Daten wurden in Bezug auf<br \/>angebotene Dienste der Informationsgesellschaft gem\u00e4\u00df Art. 8 Abs. 1 DSGVO<br \/>erhoben.<br \/>b) Information an Dritte<br \/>Hat der Verantwortliche die Sie betreffenden personenbezogenen Daten \u00f6ffentlich<br \/>gemacht und ist er gem. Art. 17 Abs. 1 DSGVO zu deren L\u00f6schung verpflichtet, so trifft er unter Ber\u00fccksichtigung der verf\u00fcgbaren Technologie und der<br \/>Implementierungskosten angemessene Ma\u00dfnahmen, auch technischer Art, um f\u00fcr<br \/>die Datenverarbeitung Verantwortliche, die die personenbezogenen Daten<br \/>verarbeiten, dar\u00fcber zu informieren, dass Sie als betroffene Person von ihnen die<br \/>L\u00f6schung aller Links zu diesen personenbezogenen Daten oder von Kopien oder<br \/>Replikationen dieser personenbezogenen Daten verlangt haben.<br \/>c) Ausnahmen<br \/>Das Recht auf L\u00f6schung besteht nicht, soweit die Verarbeitung erforderlich ist<br \/>(1) zur Aus\u00fcbung des Rechts auf freie Meinungs\u00e4u\u00dferung und Information;<br \/>(2) zur Erf\u00fcllung einer rechtlichen Verpflichtung, die die Verarbeitung nach dem<br \/>Recht der Union oder der Mitgliedstaaten, dem der Verantwortliche unterliegt,<br \/>erfordert, oder zur Wahrnehmung einer Aufgabe, die im \u00f6ffentlichen Interesse<br \/>liegt oder in Aus\u00fcbung \u00f6ffentlicher Gewalt erfolgt, die dem Verantwortlichen<br \/>\u00fcbertragen wurde;<br \/>(3) aus Gr\u00fcnden des \u00f6ffentlichen Interesses im Bereich der \u00f6ffentlichen<br \/>Gesundheit gem\u00e4\u00df Art. 9 Abs. 2 lit. h und i sowie Art. 9 Abs. 3 DSGVO;<br \/>(4) f\u00fcr im \u00f6ffentlichen Interesse liegende Archivzwecke, wissenschaftliche oder<br \/>historische Forschungszwecke oder f\u00fcr statistische Zwecke gem. Art. 89 Abs.<br \/>1 DSGVO, soweit das unter Abschnitt a) genannte Recht voraussichtlich die<br \/>Verwirklichung der Ziele dieser Verarbeitung unm\u00f6glich macht oder ernsthaft<br \/>beeintr\u00e4chtigt, oder<br \/>(5) zur Geltendmachung, Aus\u00fcbung oder Verteidigung von Rechtsanspr\u00fcchen.<\/p><p><strong>5. Recht auf Unterrichtung<\/strong><\/p><p>Haben Sie das Recht auf Berichtigung, L\u00f6schung oder Einschr\u00e4nkung der<br \/>Verarbeitung gegen\u00fcber dem Verantwortlichen geltend gemacht, ist dieser<br \/>verpflichtet, allen Empf\u00e4ngern, denen die Sie betreffenden personenbezogenen<br \/>Daten offengelegt wurden, diese Berichtigung oder L\u00f6schung der Daten oder<br \/>Einschr\u00e4nkung der Verarbeitung mitzuteilen, es sei denn, dies erweist sich als<br \/>unm\u00f6glich oder ist mit einem unverh\u00e4ltnism\u00e4\u00dfigen Aufwand verbunden.<br \/>Ihnen steht gegen\u00fcber dem Verantwortlichen das Recht zu, \u00fcber diese Empf\u00e4nger<br \/>unterrichtet zu werden.<\/p><p><strong>6. Recht auf Daten\u00fcbertragbarkeit<\/strong><\/p><p>Sie haben das Recht, die Sie betreffenden personenbezogenen Daten, die Sie dem<br \/>Verantwortlichen bereitgestellt haben, in einem strukturierten, g\u00e4ngigen und<br \/>maschinenlesbaren Format zu erhalten. Au\u00dferdem haben Sie das Recht diese Daten<br \/>einem anderen Verantwortlichen ohne Behinderung durch den Verantwortlichen, dem<br \/>die personenbezogenen Daten bereitgestellt wurden, zu \u00fcbermitteln, sofern<br \/>(1) die Verarbeitung auf einer Einwilligung gem. Art. 6 Abs. 1 lit. a DSGVO oder<br \/>Art. 9 Abs. 2 lit. a DSGVO oder auf einem Vertrag gem. Art. 6 Abs. 1 lit. b<br \/>DSGVO beruht und<br \/>(2) die Verarbeitung mithilfe automatisierter Verfahren erfolgt.<br \/>In Aus\u00fcbung dieses Rechts haben Sie ferner das Recht, zu erwirken, dass die Sie<br \/>betreffenden personenbezogenen Daten direkt von einem Verantwortlichen einem<br \/>anderen Verantwortlichen \u00fcbermittelt werden, soweit dies technisch machbar ist.<br \/>Freiheiten und Rechte anderer Personen d\u00fcrfen hierdurch nicht beeintr\u00e4chtigt<br \/>werden.<\/p><p>Das Recht auf Daten\u00fcbertragbarkeit gilt nicht f\u00fcr eine Verarbeitung<br \/>personenbezogener Daten, die f\u00fcr die Wahrnehmung einer Aufgabe erforderlich ist,<br \/>die im \u00f6ffentlichen Interesse liegt oder in Aus\u00fcbung \u00f6ffentlicher Gewalt erfolgt, die<br \/>dem Verantwortlichen \u00fcbertragen wurde.<\/p><p><strong>7. Widerspruchsrecht<\/strong><\/p><p>Sie haben das Recht, aus Gr\u00fcnden, die sich aus ihrer besonderen Situation ergeben,<br \/>jederzeit gegen die Verarbeitung der Sie betreffenden personenbezogenen Daten,<br \/>die aufgrund von Art. 6 Abs. 1 lit. e oder f DSGVO erfolgt, Widerspruch einzulegen;<br \/>dies gilt auch f\u00fcr ein auf diese Bestimmungen gest\u00fctztes Profiling.<br \/>Der Verantwortliche verarbeitet die Sie betreffenden personenbezogenen Daten nicht<br \/>mehr, es sei denn, er kann zwingende schutzw\u00fcrdige Gr\u00fcnde f\u00fcr die Verarbeitung<br \/>nachweisen, die Ihre Interessen, Rechte und Freiheiten \u00fcberwiegen, oder die<br \/>Verarbeitung dient der Geltendmachung, Aus\u00fcbung oder Verteidigung von<br \/>Rechtsanspr\u00fcchen.<br \/>Werden die Sie betreffenden personenbezogenen Daten verarbeitet, um<br \/>Direktwerbung zu betreiben, haben Sie das Recht, jederzeit Widerspruch gegen die<br \/>Verarbeitung der Sie betreffenden personenbezogenen Daten zum Zwecke derartiger<br \/>Werbung einzulegen; dies gilt auch f\u00fcr das Profiling, soweit es mit solcher<br \/>Direktwerbung in Verbindung steht.<br \/>Widersprechen Sie der Verarbeitung f\u00fcr Zwecke der Direktwerbung, so werden die<br \/>Sie betreffenden personenbezogenen Daten nicht mehr f\u00fcr diese Zwecke verarbeitet.<br \/>Sie haben die M\u00f6glichkeit, im Zusammenhang mit der Nutzung von Diensten der<br \/>Informationsgesellschaft \u2013 ungeachtet der Richtlinie 2002\/58\/EG \u2013 Ihr<br \/>Widerspruchsrecht mittels automatisierter Verfahren auszu\u00fcben, bei denen<br \/>technische Spezifikationen verwendet werden.<\/p><p><strong>8. Recht auf Widerruf der datenschutzrechtlichen Einwilligungserkl\u00e4rung<\/strong><\/p><p>Sie haben das Recht, Ihre datenschutzrechtliche Einwilligungserkl\u00e4rung jederzeit zu<br \/>widerrufen. Durch den Widerruf der Einwilligung wird die Rechtm\u00e4\u00dfigkeit der<br \/>aufgrund der Einwilligung bis zum Widerruf erfolgten Verarbeitung nicht ber\u00fchrt.<\/p><p><strong>9. Automatisierte Entscheidung im Einzelfall einschlie\u00dflich Profiling<\/strong><\/p><p>Sie haben das Recht, nicht einer ausschlie\u00dflich auf einer automatisierten<br \/>Verarbeitung \u2013 einschlie\u00dflich Profiling \u2013 beruhenden Entscheidung unterworfen zu<br \/>werden, die Ihnen gegen\u00fcber rechtliche Wirkung entfaltet oder Sie in \u00e4hnlicher Weise<br \/>erheblich beeintr\u00e4chtigt. Dies gilt nicht, wenn die Entscheidung<br \/>(1) f\u00fcr den Abschluss oder die Erf\u00fcllung eines Vertrags zwischen Ihnen und dem<br \/>Verantwortlichen erforderlich ist,<br \/>(2) aufgrund von Rechtsvorschriften der Union oder der Mitgliedstaaten, denen<br \/>der Verantwortliche unterliegt, zul\u00e4ssig ist und diese Rechtsvorschriften<br \/>angemessene Ma\u00dfnahmen zur Wahrung Ihrer Rechte und Freiheiten sowie Ihrer<br \/>berechtigten Interessen enthalten oder<br \/>(3) mit Ihrer ausdr\u00fccklichen Einwilligung erfolgt.<br \/>Allerdings d\u00fcrfen diese Entscheidungen nicht auf besonderen Kategorien<br \/>personenbezogener Daten nach Art. 9 Abs. 1 DSGVO beruhen, sofern nicht Art. 9<\/p><p>Abs. 2 lit. a oder g DSGVO gilt und angemessene Ma\u00dfnahmen zum Schutz der<br \/>Rechte und Freiheiten sowie Ihrer berechtigten Interessen getroffen wurden.<br \/>Hinsichtlich der in (1) und (3) genannten F\u00e4lle trifft der Verantwortliche angemessene<br \/>Ma\u00dfnahmen, um die Rechte und Freiheiten sowie Ihre berechtigten Interessen zu<br \/>wahren, wozu mindestens das Recht auf Erwirkung des Eingreifens einer Person<br \/>seitens des Verantwortlichen, auf Darlegung des eigenen Standpunkts und auf<br \/>Anfechtung der Entscheidung geh\u00f6rt.<\/p><p><strong>10. Recht auf Beschwerde bei einer Aufsichtsbeh\u00f6rde<\/strong><\/p><p>Unbeschadet eines anderweitigen verwaltungsrechtlichen oder gerichtlichen<br \/>Rechtsbehelfs steht Ihnen das Recht auf Beschwerde bei einer Aufsichtsbeh\u00f6rde,<br \/>insbesondere in dem Mitgliedstaat ihres Aufenthaltsorts, ihres Arbeitsplatzes oder<br \/>des Orts des mutma\u00dflichen Versto\u00dfes, zu, wenn Sie der Ansicht sind, dass die<br \/>Verarbeitung der Sie betreffenden personenbezogenen Daten gegen die DSGVO<br \/>verst\u00f6\u00dft.<br \/>Die Aufsichtsbeh\u00f6rde, bei der die Beschwerde eingereicht wurde, unterrichtet den<br \/>Beschwerdef\u00fchrer \u00fcber den Stand und die Ergebnisse der Beschwerde einschlie\u00dflich<br \/>der M\u00f6glichkeit eines gerichtlichen Rechtsbehelfs nach Art.\u00a078 DSGVO.<\/p><p><strong>8. Datenschutzbeauftragter<\/strong><\/p><p>Sollten Sie noch Fragen oder Bedenken zum Datenschutz haben, so wenden Sie<br \/>sich bitte an unseren Datenschutzbeauftragten:<\/p><p>Email: datenschutz@werner-kollegen.info<\/p>\t\t\t\t\t\t\t\t<\/div>\n\t\t\t\t<\/div>\n\t\t\t\t<\/div>\n\t\t\t\t<\/div>","protected":false},"excerpt":{"rendered":"<p>1. Allgemeine und Technische Informationen Durch die Nutzung unserer Website erkl\u00e4ren Sie sich&hellip;<\/p>","protected":false},"author":1,"featured_media":0,"parent":0,"menu_order":0,"comment_status":"closed","ping_status":"closed","template":"elementor_header_footer","meta":{"inline_featured_image":false,"footnotes":""},"class_list":["post-4231","page","type-page","status-publish","hentry"],"_links":{"self":[{"href":"https:\/\/westperia.com\/de\/wp-json\/wp\/v2\/pages\/4231","targetHints":{"allow":["GET"]}}],"collection":[{"href":"https:\/\/westperia.com\/de\/wp-json\/wp\/v2\/pages"}],"about":[{"href":"https:\/\/westperia.com\/de\/wp-json\/wp\/v2\/types\/page"}],"author":[{"embeddable":true,"href":"https:\/\/westperia.com\/de\/wp-json\/wp\/v2\/users\/1"}],"replies":[{"embeddable":true,"href":"https:\/\/westperia.com\/de\/wp-json\/wp\/v2\/comments?post=4231"}],"version-history":[{"count":12,"href":"https:\/\/westperia.com\/de\/wp-json\/wp\/v2\/pages\/4231\/revisions"}],"predecessor-version":[{"id":4935,"href":"https:\/\/westperia.com\/de\/wp-json\/wp\/v2\/pages\/4231\/revisions\/4935"}],"wp:attachment":[{"href":"https:\/\/westperia.com\/de\/wp-json\/wp\/v2\/media?parent=4231"}],"curies":[{"name":"wp","href":"https:\/\/api.w.org\/{rel}","templated":true}]}}